{"id":1895,"date":"2019-12-05T04:12:38","date_gmt":"2019-12-05T03:12:38","guid":{"rendered":"https:\/\/tmg.musin.de\/?page_id=1895"},"modified":"2019-12-05T04:12:38","modified_gmt":"2019-12-05T03:12:38","slug":"innerschulische-und-ausserschulische-hilfsangebote-depression-angst-und-andere-psychische-erkrankungen","status":"publish","type":"page","link":"https:\/\/tmg.m-bildung.de\/?page_id=1895","title":{"rendered":"Innerschulische und au\u00dferschulische Hilfsangebote:  Depression, Angst und andere psychische Erkrankungen"},"content":{"rendered":"\n<p>Sehr geehrte Eltern, liebe Sch\u00fclerinnen und Sch\u00fcler,<\/p>\n\n\n\n<p>bei allen Problemen stehen die Lehrkr\u00e4fte der Schule, insbes. die Klassenlehrkr\u00e4fte, mit Auskunft und Rat zur Verf\u00fcgung. In der Schule gibt es zudem eine Schulpsychologin und einen Schulpsychologen\/ Beratungslehrer sowie andere Beratungsfachkr\u00e4fte, die Sie\/Euch mit ihrem spezialisierten Wissen beraten und unterst\u00fctzen k\u00f6nnen. Dar\u00fcber hinaus gibt es eine Vielzahl an au\u00dferschulischen Einrichtungen, die Informationen, eine vertrauliche und kompetente Beratung, Krisenintervention oder Diagnostik und therapeutische Behandlung anbieten.<\/p>\n\n\n\n<p>Im Folgenden sind einige Angebote aufgef\u00fchrt.<\/p>\n\n\n\n<p>Fast jeder Mensch kennt Phasen, in denen er mal schlecht drauf, gereizt, nerv\u00f6s, traurig, antriebslos oder angespannt ist. Wenn diese Phasen l\u00e4nger andauern oder als belastend empfunden werden, ist es wichtig sich professionelle Unterst\u00fctzung zu holen und gemeinsam nach Ver\u00e4nderungsm\u00f6glichkeiten zu suchen.<\/p>\n\n\n\n<p>Depressionen und Angstst\u00f6rungen z\u00e4hlen zu den h\u00e4ufigsten psychischen Erkrankungen. Diagnosen m\u00fcssen von entsprechend ausgebildeten Fachkr\u00e4ften (z.B. Kinder- und Jugendlichenpsychotherapeut_innen, psychologischen oder \u00e4rztlichen Psychotherapeut_innen, Fach\u00e4rzt_innen f\u00fcr Psychiatrie und Psychotherapie) gestellt werden. Psychische Erkrankungen sind behandelbar. Je fr\u00fcher sie erkannt werden, umso besser sind die Behandlungschancen.<\/p>\n\n\n\n<p>Scheuen Sie sich nicht\/trau Dich, fachliche Hilfe in Anspruch zu nehmen!<\/p>\n\n\n\n<p><strong>Innerschulische Angebote<\/strong><\/p>\n\n\n\n<table class=\"wp-block-table\">\n<tbody>\n<tr>\n<td><em>Name <\/em><\/td>\n<td><em>Telefonnummer<\/em><\/td>\n<td><em>Weitere Kontaktm\u00f6glichkeit<\/em><\/td>\n<\/tr>\n<tr>\n<td><strong>Schulpsychologin:<\/strong> Frau Bell <br \/><strong>Schulpsychologe: <\/strong> Herr Mestmacher<\/td>\n<td><br \/>089-745030939 <br \/><br \/>089-745030945<\/td>\n<td><br \/>Raum 02 \/ Elternportal <br \/><br \/>Raum 213 \/ Elternportal<\/td>\n<\/tr>\n<tr>\n<td><strong>Beratungslehrer: <\/strong> Herr Mestmacher<\/td>\n<td><br \/>089-745030945<\/td>\n<td><br \/>Raum 213 \/ Elternportal<\/td>\n<\/tr>\n<tr>\n<td><strong>Verbindungslehrkr\u00e4fte: <\/strong> Herr Kirsner und Herr Gudowius<\/td>\n<td>\u00a0<\/td>\n<td><br \/>Lehrerzimmer \/ Elternportal <br \/>Lehrerzimmer \/ Elternportal<\/td>\n<\/tr>\n<\/tbody>\n<\/table>\n\n\n\n<p><strong>Au\u00dferschulische Angebote<\/strong><\/p>\n\n\n\n<p><a href=\"http:\/\/www.pi-muenchen.de\/ausserschulische-hilfsangebote-depression-angst-und-andere-psychische-erkrankungen\/\">http:\/\/www.pi-muenchen.de\/ausserschulische-hilfsangebote-depression-angst-und-andere-psychische-erkrankungen\/<\/a><\/p>\n","protected":false},"excerpt":{"rendered":"<p>Sehr geehrte Eltern, liebe Sch\u00fclerinnen und Sch\u00fcler, bei allen Problemen stehen die Lehrkr\u00e4fte der Schule, insbes. die Klassenlehrkr\u00e4fte, mit Auskunft und Rat zur Verf\u00fcgung. In der Schule gibt es zudem eine Schulpsychologin und einen Schulpsychologen\/ Beratungslehrer sowie andere Beratungsfachkr\u00e4fte, die &hellip; <a href=\"https:\/\/tmg.m-bildung.de\/?page_id=1895\">Weiterlesen <span class=\"meta-nav\">&rarr;<\/span><\/a><\/p>\n","protected":false},"author":1,"featured_media":0,"parent":0,"menu_order":0,"comment_status":"closed","ping_status":"closed","template":"sidebar-page.php","meta":{"footnotes":""},"class_list":["post-1895","page","type-page","status-publish","hentry"],"_links":{"self":[{"href":"https:\/\/tmg.m-bildung.de\/index.php?rest_route=\/wp\/v2\/pages\/1895","targetHints":{"allow":["GET"]}}],"collection":[{"href":"https:\/\/tmg.m-bildung.de\/index.php?rest_route=\/wp\/v2\/pages"}],"about":[{"href":"https:\/\/tmg.m-bildung.de\/index.php?rest_route=\/wp\/v2\/types\/page"}],"author":[{"embeddable":true,"href":"https:\/\/tmg.m-bildung.de\/index.php?rest_route=\/wp\/v2\/users\/1"}],"replies":[{"embeddable":true,"href":"https:\/\/tmg.m-bildung.de\/index.php?rest_route=%2Fwp%2Fv2%2Fcomments&post=1895"}],"version-history":[{"count":0,"href":"https:\/\/tmg.m-bildung.de\/index.php?rest_route=\/wp\/v2\/pages\/1895\/revisions"}],"wp:attachment":[{"href":"https:\/\/tmg.m-bildung.de\/index.php?rest_route=%2Fwp%2Fv2%2Fmedia&parent=1895"}],"curies":[{"name":"wp","href":"https:\/\/api.w.org\/{rel}","templated":true}]}}