{"id":186,"date":"2018-03-30T17:01:18","date_gmt":"2018-03-30T15:01:18","guid":{"rendered":"http:\/\/schule.prinzessin-auf-abenteuerurlaub.de\/?page_id=186"},"modified":"2018-03-30T17:01:18","modified_gmt":"2018-03-30T15:01:18","slug":"wahlunterricht","status":"publish","type":"page","link":"https:\/\/tmg.m-bildung.de\/?page_id=186","title":{"rendered":"Wahlunterricht"},"content":{"rendered":"<div class=\"border titleBarPanel\">\n<div class=\"containerHead\">\n<h4>Anbei ein Auszug aus unserem umfangreichen Angebot an Wahlunterricht:<\/h4>\n<\/div>\n<p><a href=\"https:\/\/tmg.m-bildung.de\/fotografie-am-tmg\/\">Fotografie<\/a><\/p>\n<p><a href=\"https:\/\/tmg.m-bildung.de\/wir-sind-der-leseclub\/\">Leseclub<\/a><\/p>\n<p><a href=\"https:\/\/tmg.m-bildung.de\/wandern\/\">Drau\u00dfen bewegen<\/a><\/p>\n<p><a href=\"https:\/\/tmg.m-bildung.de\/jugend-forscht\/\">Jugend forscht<\/a><\/p>\n<p>Sch\u00fclerakademie<br \/>\nLego<br \/>\nInstrumentalunterricht<br \/>\nOrchester<br \/>\nTontechnik<br \/>\nSicherheit<br \/>\nBegabtenf\u00f6rderung<br \/>\nBandprojekt<br \/>\nF\u00f6rderkurs Deutsch<br \/>\nSchulspiel<br \/>\nMathe-Abi<br \/>\nForschen 7 &#8211; Sch\u00fclerwettbewerb Junior.ING (<a href=\"https:\/\/junioring.bayika.de\/de\/beratung-und-service\/schueler-und-studierende\/junior-ing\/\">https:\/\/junioring.bayika.de\/de\/beratung-und-service\/schueler-und-studierende\/junior-ing\/<\/a>)<\/p>\n<p>Forschen 8-10 &#8211; Sch\u00fclerwettbewerb Junior.ING (<a href=\"https:\/\/junioring.bayika.de\/de\/beratung-und-service\/schueler-und-studierende\/junior-ing\/\">https:\/\/junioring.bayika.de\/de\/beratung-und-service\/schueler-und-studierende\/junior-ing\/<\/a>)<\/p>\n<p>Deutsch als Zweitsprache<\/p>\n<p><a href=\"https:\/\/tmg.m-bildung.de\/los\">LoS &#8211; Lernen ohne Stress! Leben ohne Sorgen!<\/a><\/p>\n<p>Tanz und Turnen<br \/>\nDELF<br \/>\nWaT<br \/>\nSchulspiel<br \/>\nErste Hilfe<br \/>\nProjekttage<br \/>\nKlettern<br \/>\nSch\u00fclerzeitung<br \/>\nJournalistisches Schreiben<br \/>\nHomepage<br \/>\nChor<br \/>\nFu\u00dfball<br \/>\nAbenteuer Leben<br \/>\nAusdrucksf\u00e4higkeit<br \/>\nUmweltgruppe<br \/>\nTutoren<\/p>\n<\/div>\n<p><span style=\"font-size: inherit;\">Die Termine der jeweils ersten Wahlkursstunde werden rechtzeitig bekannt gegeben&#8230;<\/span>Sch\u00fcler k\u00f6nnen den Wahlkursen ab der ersten Schulwoche beitreten. Melde dich dazu einfach bei der angegebenen Lehrkraft, oder trage deinen Namen in der dann ausgeh\u00e4ngten Liste ein!<\/p>\n","protected":false},"excerpt":{"rendered":"<p>Anbei ein Auszug aus unserem umfangreichen Angebot an Wahlunterricht: Fotografie Leseclub Drau\u00dfen bewegen Jugend forscht Sch\u00fclerakademie Lego Instrumentalunterricht Orchester Tontechnik Sicherheit Begabtenf\u00f6rderung Bandprojekt F\u00f6rderkurs Deutsch Schulspiel Mathe-Abi Forschen 7 &#8211; Sch\u00fclerwettbewerb Junior.ING (https:\/\/junioring.bayika.de\/de\/beratung-und-service\/schueler-und-studierende\/junior-ing\/) Forschen 8-10 &#8211; Sch\u00fclerwettbewerb Junior.ING (https:\/\/junioring.bayika.de\/de\/beratung-und-service\/schueler-und-studierende\/junior-ing\/) Deutsch &hellip; <a href=\"https:\/\/tmg.m-bildung.de\/?page_id=186\">Weiterlesen <span class=\"meta-nav\">&rarr;<\/span><\/a><\/p>\n","protected":false},"author":1,"featured_media":0,"parent":0,"menu_order":0,"comment_status":"closed","ping_status":"closed","template":"sidebar-page.php","meta":{"footnotes":""},"class_list":["post-186","page","type-page","status-publish","hentry"],"_links":{"self":[{"href":"https:\/\/tmg.m-bildung.de\/index.php?rest_route=\/wp\/v2\/pages\/186","targetHints":{"allow":["GET"]}}],"collection":[{"href":"https:\/\/tmg.m-bildung.de\/index.php?rest_route=\/wp\/v2\/pages"}],"about":[{"href":"https:\/\/tmg.m-bildung.de\/index.php?rest_route=\/wp\/v2\/types\/page"}],"author":[{"embeddable":true,"href":"https:\/\/tmg.m-bildung.de\/index.php?rest_route=\/wp\/v2\/users\/1"}],"replies":[{"embeddable":true,"href":"https:\/\/tmg.m-bildung.de\/index.php?rest_route=%2Fwp%2Fv2%2Fcomments&post=186"}],"version-history":[{"count":0,"href":"https:\/\/tmg.m-bildung.de\/index.php?rest_route=\/wp\/v2\/pages\/186\/revisions"}],"wp:attachment":[{"href":"https:\/\/tmg.m-bildung.de\/index.php?rest_route=%2Fwp%2Fv2%2Fmedia&parent=186"}],"curies":[{"name":"wp","href":"https:\/\/api.w.org\/{rel}","templated":true}]}}