{"id":184,"date":"2018-03-30T17:00:48","date_gmt":"2018-03-30T15:00:48","guid":{"rendered":"http:\/\/schule.prinzessin-auf-abenteuerurlaub.de\/?page_id=184"},"modified":"2018-03-30T17:00:48","modified_gmt":"2018-03-30T15:00:48","slug":"ganztagsangebot","status":"publish","type":"page","link":"https:\/\/tmg.m-bildung.de\/?page_id=184","title":{"rendered":"Ganztagsangebot"},"content":{"rendered":"\n\n\n<p><strong>Das Ganztagskonzept am TMG<\/strong><\/p>\n<p><strong>Offenes Ganztagsangebot mit rhythmisierten Elementen<\/strong><\/p>\n<p>Das Ganztagtagsangebot richtet sich an Sch\u00fclerinnen und Sch\u00fcler der 5. bis 7. Jahrgangsstufe.<\/p>\n<p>Die Sch\u00fclerinnen und Sch\u00fcler haben w\u00e4hrend der Ganztagsbetreuung zum einen die M\u00f6glichkeit, in Kleingruppen ihre Hausaufgaben zu erledigen und zu lernen und zum anderen ein vielf\u00e4ltiges Angebot zur Freizeitgestaltung. Je nach Bed\u00fcrfnis k\u00f6nnen sich die Kinder in die Bibliothek zur\u00fcckziehen und gem\u00fctlich schm\u00f6kern oder bei Sport und Spiel k\u00f6rperlich austoben.<\/p>\n<h4>Module des Ganztagskonzepts<\/h4>\n<p>13.20 bis 14.30 Uhr:\u00a0\u00a0 gestaltetes Mittagsangebot (Bewegte Pause)<\/p>\n<p>14.30 bis 15.15 Uhr:\u00a0\u00a0 qualifizierte Hausaufgabenunterst\u00fctzung<\/p>\n<p>\u00a0\u00a0\u00a0\u00a0\u00a0\u00a0\u00a0\u00a0\u00a0\u00a0\u00a0\u00a0\u00a0\u00a0\u00a0\u00a0\u00a0\u00a0\u00a0\u00a0\u00a0\u00a0\u00a0\u00a0\u00a0\u00a0\u00a0\u00a0\u00a0\u00a0\u00a0\u00a0\u00a0\u00a0 eine Lehrkraft pro Kleingruppe<\/p>\n<p>15.15 bis 16.00 Uhr:\u00a0\u00a0 freies Spiel,<\/p>\n<p>\u00a0\u00a0\u00a0\u00a0\u00a0\u00a0\u00a0\u00a0\u00a0\u00a0\u00a0\u00a0\u00a0\u00a0\u00a0\u00a0\u00a0\u00a0\u00a0\u00a0\u00a0\u00a0\u00a0\u00a0\u00a0\u00a0\u00a0\u00a0\u00a0\u00a0\u00a0\u00a0\u00a0\u00a0 verl\u00e4ngerte Lernzeit oder<\/p>\n<p>\u00a0\u00a0\u00a0\u00a0\u00a0\u00a0\u00a0\u00a0\u00a0\u00a0\u00a0\u00a0\u00a0\u00a0\u00a0\u00a0\u00a0\u00a0\u00a0\u00a0\u00a0\u00a0\u00a0\u00a0\u00a0\u00a0\u00a0\u00a0\u00a0\u00a0\u00a0\u00a0\u00a0\u00a0 Projekte aus den Bereichen Sport, Spiel, Werken\/Handarbeit, Kreativit\u00e4t, Denksport und Erlebnisp\u00e4dagogik<\/p>\n<p>14.30 bis 16.00 Uhr:\u00a0\u00a0 Coachingangebote durch Fachlehrkr\u00e4fte<\/p>\n<p>\u00a0\u00a0\u00a0\u00a0\u00a0\u00a0\u00a0\u00a0\u00a0\u00a0\u00a0\u00a0\u00a0\u00a0\u00a0\u00a0\u00a0\u00a0\u00a0\u00a0\u00a0\u00a0\u00a0\u00a0\u00a0\u00a0\u00a0\u00a0\u00a0\u00a0\u00a0\u00a0 Unterst\u00fctzung bei den Hausaufgaben, bei Unklarheiten bzgl. Lernstoff oder zur Vorbereitung auf einen Leistungsnachweis\u00a0 \u00a0 \u00a0 \u00a0 \u00a0 \u00a0 \u00a0 \u00a0 \u00a0 \u00a0 \u00a0 \u00a0 \u00a0\u00a0<\/p>\n<p><strong>Die Kinder haben folgende Aufenthaltsm\u00f6glichkeiten:<\/strong><\/p>\n<ul>\n<li>Mensa<\/li>\n<li>Klassenzimmer und Freifl\u00e4chen<\/li>\n<li>Bibliothek<\/li>\n<li>Dreifeldsporthalle<\/li>\n<li>Freiluftsportplatz<\/li>\n<li>Pausenhof<\/li>\n<li>Aula<\/li>\n<li>Ruheinseln<\/li>\n<li>Spielfl\u00e4chen im 2. Stock<\/li>\n<\/ul>\n<p><strong>F\u00fcr das Ganztagsangebot stehen verschiedene Angebote\/Spielger\u00e4te zur Verf\u00fcgung:<\/strong><\/p>\n<ul>\n<li>Tischtennisplatten<\/li>\n<li>Kickertische<\/li>\n<li>Billardtische<\/li>\n<li>Bewegungsspiele (z.B. Spikeball, Leitergolf, Gummi h\u00fcpfen, <br \/>Basket-\/Fu\u00df-\/Volleyball\u2026)<\/li>\n<li>Brettspiele<\/li>\n<li>Geschicklichkeitsspiele (z. B. Minigolf, Kandema, Stelzen, Jonglage\u2026)<\/li>\n<li>Kreative\/musische Workshops (z.B. Musizieren, Malen, Basteln\u2026)<\/li>\n<li>Kochwagen<\/li>\n<\/ul>\n<p><strong>Buchungsm\u00f6glichkeiten:<\/strong><\/p>\n<ul>\n<li>Montag mit Donnerstag bis 16.00 Uhr<\/li>\n<li>Bis auf das Mittagessen ist das Angebot kostenlos.<\/li>\n<\/ul>\n<p>Bitte beachten Sie: Die Anmeldung ist f\u00fcr das ganze Schuljahr verbindlich.<\/p>\n<p>Bei Fragen wenden Sie sich gerne an unsere Ganztagskoordinatorinnen Frau M. Bell und Frau N. Klevenhusen.<\/p>\n\n\n","protected":false},"excerpt":{"rendered":"<p>Das Ganztagskonzept am TMG Offenes Ganztagsangebot mit rhythmisierten Elementen Das Ganztagtagsangebot richtet sich an Sch\u00fclerinnen und Sch\u00fcler der 5. bis 7. Jahrgangsstufe. Die Sch\u00fclerinnen und Sch\u00fcler haben w\u00e4hrend der Ganztagsbetreuung zum einen die M\u00f6glichkeit, in Kleingruppen ihre Hausaufgaben zu erledigen &hellip; <a href=\"https:\/\/tmg.m-bildung.de\/?page_id=184\">Weiterlesen <span class=\"meta-nav\">&rarr;<\/span><\/a><\/p>\n","protected":false},"author":1,"featured_media":0,"parent":0,"menu_order":0,"comment_status":"closed","ping_status":"closed","template":"sidebar-page.php","meta":{"footnotes":""},"class_list":["post-184","page","type-page","status-publish","hentry"],"_links":{"self":[{"href":"https:\/\/tmg.m-bildung.de\/index.php?rest_route=\/wp\/v2\/pages\/184","targetHints":{"allow":["GET"]}}],"collection":[{"href":"https:\/\/tmg.m-bildung.de\/index.php?rest_route=\/wp\/v2\/pages"}],"about":[{"href":"https:\/\/tmg.m-bildung.de\/index.php?rest_route=\/wp\/v2\/types\/page"}],"author":[{"embeddable":true,"href":"https:\/\/tmg.m-bildung.de\/index.php?rest_route=\/wp\/v2\/users\/1"}],"replies":[{"embeddable":true,"href":"https:\/\/tmg.m-bildung.de\/index.php?rest_route=%2Fwp%2Fv2%2Fcomments&post=184"}],"version-history":[{"count":0,"href":"https:\/\/tmg.m-bildung.de\/index.php?rest_route=\/wp\/v2\/pages\/184\/revisions"}],"wp:attachment":[{"href":"https:\/\/tmg.m-bildung.de\/index.php?rest_route=%2Fwp%2Fv2%2Fmedia&parent=184"}],"curies":[{"name":"wp","href":"https:\/\/api.w.org\/{rel}","templated":true}]}}