{"id":1697,"date":"2019-05-21T07:48:12","date_gmt":"2019-05-21T05:48:12","guid":{"rendered":"https:\/\/tmg.musin.de\/?page_id=1697"},"modified":"2026-01-13T16:05:44","modified_gmt":"2026-01-13T16:05:44","slug":"mint-am-tmg","status":"publish","type":"page","link":"https:\/\/tmg.m-bildung.de\/?page_id=1697","title":{"rendered":"MINT am TMG"},"content":{"rendered":"<p>Um in modernen Berufen bestehen und sich verantwortungsbewusst mit technischen Entwicklungen im derzeitigen Weltgeschehen auseinandersetzen zu k\u00f6nnen, sind fundierte Kenntnisse im MINT-Bereich essenziell. Hierf\u00fcr m\u00f6chten wir im Rahmen der Schule eine gute Grundlage schaffen. Daher bietet das TMG als Gymnasium mit mathematisch-naturwissenschaftlichem Zweig eine umfassende, kontinuierliche F\u00f6rderung aller Sch\u00fclerinnen und Sch\u00fcler im MINT-Bereich vom \u00dcbertritt bis zum Abitur hin an.<\/p>\n<p><img loading=\"lazy\" decoding=\"async\" class=\"alignnone size-full wp-image-5544\" src=\"http:\/\/tmg.m-bildung.de\/wp-content\/uploads\/2026\/01\/Mint-am-TMG.png\" alt=\"\" width=\"514\" height=\"348\" srcset=\"https:\/\/tmg.m-bildung.de\/wp-content\/uploads\/2026\/01\/Mint-am-TMG.png 514w, https:\/\/tmg.m-bildung.de\/wp-content\/uploads\/2026\/01\/Mint-am-TMG-300x203.png 300w, https:\/\/tmg.m-bildung.de\/wp-content\/uploads\/2026\/01\/Mint-am-TMG-443x300.png 443w\" sizes=\"auto, (max-width: 514px) 100vw, 514px\" \/><\/p>\n<p>Unsere Ziele dabei sind:<\/p>\n<p><img loading=\"lazy\" decoding=\"async\" class=\"alignnone size-full wp-image-5546\" src=\"http:\/\/tmg.m-bildung.de\/wp-content\/uploads\/2026\/01\/MINT-am-TM-2.png\" alt=\"\" width=\"606\" height=\"106\" srcset=\"https:\/\/tmg.m-bildung.de\/wp-content\/uploads\/2026\/01\/MINT-am-TM-2.png 606w, https:\/\/tmg.m-bildung.de\/wp-content\/uploads\/2026\/01\/MINT-am-TM-2-300x52.png 300w, https:\/\/tmg.m-bildung.de\/wp-content\/uploads\/2026\/01\/MINT-am-TM-2-500x87.png 500w\" sizes=\"auto, (max-width: 606px) 100vw, 606px\" \/><\/p>\n<p>&nbsp;<\/p>\n<p>2019 wurde das TMG als MINT freundliche Schule von bundesweiten Partnern der Initiative \u201eMINT Zukunft schaffen\u201c in Abstimmung mit den Landesarbeitgebervereinigungen und den Bildungswerken der Wirtschaft zertifiziert. Eine Wiederzertifizierung sowie eine Zertifizierung als Digitale Schule erfolgten 2022. Ebenfalls 2022 wurden unsere Schule in das Excellence-Schulnetzwerk MINT-EC aufgenommen. Ziel des Vereins MINT-EC ist es, Sch\u00fcler der Sekundarstufe II f\u00fcr die MINT-F\u00e4cher Mathematik, Informatik, Naturwissenschaften und Technik zu begeistern und sie darin zu f\u00f6rdern und das sowohl auf breitem als auch auf hohem Niveau. Unseren Sch\u00fcler*innen er\u00f6ffnen sich dadurch tolle M\u00f6glichkeiten, wie beispielsweise die Vergabe des MINT-EC Zertifikats, welches zusammen mit dem Abiturzeugnis verliehen werden kann und deutschlandweit von verschiedenen Unternehmen und Hochschulen anerkannt ist. Sch\u00fcler*innen, die das MINT-EC-Zertifikat beantragen, m\u00fcssen Mindestanforderungen in den drei Anforderungsfeldern erf\u00fcllen:<\/p>\n<ul>\n<li><strong>I Fachliche Kompetenz (Sek II):<\/strong> zwei MINT-Abiturf\u00e4cher auf erh\u00f6htem Niveau oder drei MINT-Kurse, davon einer auf erh\u00f6htem Niveau<\/li>\n<li><strong>II Fachwissenschaftliches Arbeiten (Sek II):<\/strong> Fachwissenschaftliche Arbeit mit min. 10 Seiten, W-Seminar Arbeit oder Jugend forscht Teilnahme bzw. vergleichbarer Wettbewerb<\/li>\n<li><strong>III Zus\u00e4tzliche MINT-Aktivit\u00e4ten (Sek I und II):<\/strong> fachspezifische Praktika, Wettbewerbe, inner- und au\u00dferschulisches MINT-Engagement<\/li>\n<\/ul>\n<p>Auch die Teilnahme an exklusiven MINT-EC Camps, Akademien und Foren ist ab der 11. Klasse m\u00f6glich. Durch vielf\u00e4ltige Kooperationen mit MINT-EC-Unternehmen, -Schulen und -Hochschulen entstehen gro\u00dfartige Projekte, Wettbewerbe und Praktikumsm\u00f6glichkeiten von der 5. Klasse an. Als Umweltschule ist das TMG bereits seit Jahrzehnten ausgezeichnet.<\/p>\n<p><img loading=\"lazy\" decoding=\"async\" class=\"alignnone size-full wp-image-5548\" src=\"http:\/\/tmg.m-bildung.de\/wp-content\/uploads\/2026\/01\/Mint-am-TMG-4.jpg\" alt=\"\" width=\"230\" height=\"122\" \/> <img loading=\"lazy\" decoding=\"async\" class=\"alignnone size-full wp-image-5549\" src=\"http:\/\/tmg.m-bildung.de\/wp-content\/uploads\/2026\/01\/Mint-am-TMG-5.jpg\" alt=\"\" width=\"274\" height=\"138\" \/> <img loading=\"lazy\" decoding=\"async\" class=\"alignnone size-full wp-image-5547\" src=\"http:\/\/tmg.m-bildung.de\/wp-content\/uploads\/2026\/01\/Mint-am-TMG-3.png\" alt=\"\" width=\"270\" height=\"132\" \/><\/p>\n<p>Zu unserem bestehenden MINT-Angebot hinzugekommen sind seit dem Schuljahr 2023\/24 <strong>zwei MINT-Austauschprogramme<\/strong> mit Schulen in K\u00f6ln und Frankfurt. Eingerahmt durch ein tolles Programm mit Unternehmens-, Museums- und Universit\u00e4tsbesuchen, Sch\u00fclerlaborangeboten, einer gegenseitigen Unterrichtshospitation in einem anderen Bundesland, der Erkundung einer anderen Gro\u00dfstadt sowie der intensiven Vernetzung mit den Sch\u00fcler*innen unserer Partnerschulen. Gemeinsam wird mit den am Austausch beteiligten Sch\u00fcler*innen ein gemeinsames MINT-Projekt durchgef\u00fchrt.<\/p>\n<p>Einmal j\u00e4hrlich findet ein <strong>MINT-Tag <\/strong>mit Workshops f\u00fcr alle Klassenstufen sowie am Nachmittag einer Messe mit Ausstellung einzelner Firmen und eigener Schulprojekte statt.<\/p>\n<p>Ebenfalls neu sind lehrplanbezogene <strong>Fachvortr\u00e4ge im regul\u00e4ren Fachunterricht<\/strong> durch Wissenschaftler von der Universit\u00e4t sowie aus verschiedenen Unternehmen.<\/p>\n<p><strong>Wahlkurse<\/strong><\/p>\n<ul>\n<li>Umweltgruppe (5 MINT-EC Punkte)<\/li>\n<li>Science-Champions \u2013 Wettbewerbe in Biologie und Chemie (5 MINT-EC Punkte)<\/li>\n<li>ING Sch\u00fclerwettbewerb \u2013 Achterbahnbau (5 MINT-EC Punkte)<\/li>\n<li>Rad- und Schulwerkstatt (5 MINT-EC Punkte)<\/li>\n<li>Schulsanit\u00e4tsdienst (5 MINT-EC Punkte)<\/li>\n<li>Technik AG (5 MINT-EC Punkte)<\/li>\n<li>Jugend forscht (5 MINT-EC Punkte)<\/li>\n<li>Meeresbiologische Exkursion (5 MINT-EC Punkte)<\/li>\n<\/ul>\n<p><strong>\u00a0<\/strong><strong>Begabtenf\u00f6rderung<\/strong><\/p>\n<p>6: Lego Robotics (5 MINT-EC Punkte)<\/p>\n<p>7: Naturwissenschaftliches Experimentieren (5 MINT-EC Punkte)<\/p>\n<p>8: MINT-Experimente (5 MINT-EC Punkte)<\/p>\n<p>9: Individuelle Lernzeitverk\u00fcrzung (5 MINT-EC Punkte)<\/p>\n<p>10: Individuelle Lernzeitverk\u00fcrzung (5 MINT-EC Punkte)<\/p>\n<p>11: Schnupperlabortag sowie einw\u00f6chiges Praktikum bei unserm Kooperationsunternehmen Infineon (5 MINT-EC Punkte)<\/p>\n<p><strong>Exkursionen und Fahrten<\/strong><\/p>\n<p>5: Forscherschullandheim<\/p>\n<p>6: \u00d6kolager<\/p>\n<p>8: Alltagskompetenzwoche mit Bauernhofexkursion<\/p>\n<p>9: Schule drau\u00dfen, Wasserkraftswerksexkursion<\/p>\n<p>10: MINT-Austausch<\/p>\n<p>11: MINT-Betriebspraktikum (in Planung)<\/p>\n<p>8-12: Meeresbiologische Exkursion<\/p>\n<p>&nbsp;<\/p>\n<p><strong>Projekttage<\/strong><\/p>\n<ul>\n<li>Sicherheitstag mit der Freiwilligen Feuerwehr<\/li>\n<li>Netzg\u00e4nger<\/li>\n<li>Sexualerziehungsprojekte<\/li>\n<li>Check your risk<\/li>\n<li>MINT-Tag mit Workshops und MINT-Messe<\/li>\n<li>MINT4GIRLS<\/li>\n<li>ADAC mobil mit K\u00f6pfchen<\/li>\n<li>Fachvortr\u00e4ge<\/li>\n<\/ul>\n<p><strong>Kooperationen zu Schulen<\/strong><\/p>\n<ul>\n<li>Ursulinenschule K\u00f6ln<\/li>\n<li>Riedberg-Gymnasium Frankfurt<\/li>\n<li>Adolf-Weber-Gymnasium M\u00fcnchen<\/li>\n<\/ul>\n<p><strong>\u00a0<\/strong><strong>Kooperationen zu Unternehmen\/ Universit\u00e4ten<\/strong><\/p>\n<ul>\n<li>Infineon (Begabtenf\u00f6rderung, Fachvortr\u00e4ge, MINT-Workshops)<\/li>\n<li>Brunata (Baus\u00e4tze, Fachvortr\u00e4ge)<\/li>\n<li>Rohde+Schwarz (Baus\u00e4tze, P-Seminar, Besichtigungen, MINT-Workshops<\/li>\n<li>Zeiss (Besichtigungen, Ausstattung, MINT-Workshops, MINT-Austausch)<\/li>\n<li>Dautermann Ingenieure GmbH (Fachvortr\u00e4ge, Baumaterial Junior.ING)<\/li>\n<li>Freiwillige Feuerwehr M\u00fcnchen (Sicherheitstag)<\/li>\n<li>LMU M\u00fcnchen (Meeresbiologische Exkursion)<\/li>\n<li>TU M\u00fcnchen (Fachvortr\u00e4ge, Junior.ING)<\/li>\n<\/ul>\n<p><strong>MINT Ansprechpartnerin<\/strong><\/p>\n<p>Frau Dautermann<\/p>\n<p>Kontaktaufnahme \u00fcber\u00a0<a href=\"mailto:karolin.dautermann@muenchen.de\">karolin.dautermann@muenchen.de<\/a><\/p>\n<p>Koordination und Organisation aller MINT-Aktivit\u00e4ten der Schule wie z.B.:<\/p>\n<ul>\n<li>allgemeine Fragen zum mathematisch-informationstechnischen und naturwissenschaftlichen Unterricht am TMG<\/li>\n<li>Unterrichtsentwicklung des MINT-Bereichs am TMG<\/li>\n<li>Koordination au\u00dferschulischer Lernorte sowie der Mitwirkung Externer (z.B. Eltern, \u00f6rtliche Organisationen und Vereine) im schulischen Umfeld<\/li>\n<li>Koordination von schulischen Aufgabenfeldern im MINT-Bereich, wie Berufsorientierung, Brandschutzaufkl\u00e4rung, Gesundheit und Verkehrserziehung<\/li>\n<li>Erlangung des MINT-EC Zertifikats<\/li>\n<\/ul>\n<p>&nbsp;<\/p>\n","protected":false},"excerpt":{"rendered":"<p>Um in modernen Berufen bestehen und sich verantwortungsbewusst mit technischen Entwicklungen im derzeitigen Weltgeschehen auseinandersetzen zu k\u00f6nnen, sind fundierte Kenntnisse im MINT-Bereich essenziell. Hierf\u00fcr m\u00f6chten wir im Rahmen der Schule eine gute Grundlage schaffen. Daher bietet das TMG als Gymnasium &hellip; <a href=\"https:\/\/tmg.m-bildung.de\/?page_id=1697\">Weiterlesen <span class=\"meta-nav\">&rarr;<\/span><\/a><\/p>\n","protected":false},"author":1,"featured_media":0,"parent":0,"menu_order":0,"comment_status":"closed","ping_status":"closed","template":"sidebar-page.php","meta":{"footnotes":""},"class_list":["post-1697","page","type-page","status-publish","hentry"],"_links":{"self":[{"href":"https:\/\/tmg.m-bildung.de\/index.php?rest_route=\/wp\/v2\/pages\/1697","targetHints":{"allow":["GET"]}}],"collection":[{"href":"https:\/\/tmg.m-bildung.de\/index.php?rest_route=\/wp\/v2\/pages"}],"about":[{"href":"https:\/\/tmg.m-bildung.de\/index.php?rest_route=\/wp\/v2\/types\/page"}],"author":[{"embeddable":true,"href":"https:\/\/tmg.m-bildung.de\/index.php?rest_route=\/wp\/v2\/users\/1"}],"replies":[{"embeddable":true,"href":"https:\/\/tmg.m-bildung.de\/index.php?rest_route=%2Fwp%2Fv2%2Fcomments&post=1697"}],"version-history":[{"count":1,"href":"https:\/\/tmg.m-bildung.de\/index.php?rest_route=\/wp\/v2\/pages\/1697\/revisions"}],"predecessor-version":[{"id":5550,"href":"https:\/\/tmg.m-bildung.de\/index.php?rest_route=\/wp\/v2\/pages\/1697\/revisions\/5550"}],"wp:attachment":[{"href":"https:\/\/tmg.m-bildung.de\/index.php?rest_route=%2Fwp%2Fv2%2Fmedia&parent=1697"}],"curies":[{"name":"wp","href":"https:\/\/api.w.org\/{rel}","templated":true}]}}