{"id":1692,"date":"2019-05-20T12:25:07","date_gmt":"2019-05-20T10:25:07","guid":{"rendered":"https:\/\/tmg.musin.de\/?page_id=1692"},"modified":"2026-01-24T13:49:37","modified_gmt":"2026-01-24T13:49:37","slug":"projektklasse-forschung-und-umwelt","status":"publish","type":"page","link":"https:\/\/tmg.m-bildung.de\/?page_id=1692","title":{"rendered":"Forschung und Umwelt\/Gesundheit"},"content":{"rendered":"\n<p><p><strong>Projektklasse: Forschung\u00a0mit Schwerpunkt Umwelt und BNE oder Gesundheit und Ern\u00e4hrung<\/strong><\/p><br><p><strong>\u00a0<\/strong>Wenn man Erwachsene zu ihren Erinnerungen an die eigene Schulzeit befragt, so bekommt man stets freudige Er-z\u00e4hlungen, haupts\u00e4chlich \u00fcber praktisches Arbeiten. Der zu knapp bemessenen Zeit f\u00fcr Handlungsorientierung soll mit der Projektklasse <em>Forschung und Umwelt<\/em> entgegengetreten werden.<\/p><\/p>\n\n\n\n<figure class=\"wp-block-image size-full\"><img loading=\"lazy\" decoding=\"async\" width=\"768\" height=\"576\" src=\"http:\/\/tmg.m-bildung.de\/wp-content\/uploads\/2026\/01\/Forschung-und-umwelt.jpg\" alt=\"\" class=\"wp-image-5690\" srcset=\"https:\/\/tmg.m-bildung.de\/wp-content\/uploads\/2026\/01\/Forschung-und-umwelt.jpg 768w, https:\/\/tmg.m-bildung.de\/wp-content\/uploads\/2026\/01\/Forschung-und-umwelt-300x225.jpg 300w, https:\/\/tmg.m-bildung.de\/wp-content\/uploads\/2026\/01\/Forschung-und-umwelt-400x300.jpg 400w\" sizes=\"auto, (max-width: 768px) 100vw, 768px\" \/><\/figure>\n\n\n\n<p><p>Diese Projektklasse soll besonders an Naturwissenschaften interessierte Kinder der 5. Jahrgangsstufe ansprechen, die auch im Alltag viele Sachverhalte hinterfragen und L\u00f6sungen gerne praktisch erarbeiten.<\/p><br><p><strong>Angestrebte Ziele<\/strong><\/p><br><ul><br><li>Freude am Experimentieren wecken und den Forscherdrang f\u00f6rdern<\/li><br><li>Schulung von Team- und Kommunikationsf\u00e4higkeit<\/li><br><li>Vertiefung der erlernten naturwissenschaftlichen Arbeitsweisen<\/li><br><li>Schulung von f\u00e4cher\u00fcbergreifendem und vernetztem Denken<\/li><br><li>Hinf\u00fchrung zu Sch\u00fcler*innen-Wettbewerben<\/li><br><li>Entwicklung von Interesse an MINT-Berufen<\/li><br><li>Herstellen eines Bezugs zur eigenen Lebenswelt durch Verwendung von im Haushalt befindlichen Gegenst\u00e4nden und Materialien<\/li><br><\/ul><br><p>Das Unterrichtsfach \u201eForschen\u201c findet in Klassenstufe 5 und 6 in einer zweiw\u00f6chig gehaltenen Doppelstunde statt. Diese wird nach M\u00f6glichkeit von zwei Lehrkr\u00e4ften gehalten, sodass eine Klassenteilung und damit eine intensivere Betreuung m\u00f6glich werden. Dar\u00fcber hinaus sind Exkursionen geplant.<\/p><br><p>Inhaltlich erg\u00e4nzt das Unterrichtsfach \u201eForschen\u201c insbesondere den Natur- und Technik &#8211; Unterricht. Es findet keine Notenerhebung statt. Lediglich ein klasseninterner Wettbewerb soll die<\/p><br><p>Motivation erh\u00f6hen und zu ersten Sch\u00fcler*innen-Wettbewerben hinf\u00fchren.<\/p><br><p><strong>M\u00f6gliche Inhalte <\/strong><\/p><br><p><strong>Biologie: <\/strong>Methoden aus der Kriminalistik, Pflanzen z\u00fcchten, kleine Tierexperimente<\/p><br><p><strong>Chemie<em>: <\/em><\/strong>Alles rund ums Feuer, Farben entdecken und herstellen<\/p><br><p><strong>Physik<em>: <\/em><\/strong>Physikalisches Spielzeug bauen, Mausefallenantriebe f\u00fcr Fahrzeuge, Alles rund ums Fliegen, Bionik<\/p><br><p><strong>Informatik: <\/strong>Bau und Programmierung von Lego-Robotern, die Schokolinsen sortieren, Treppen steigen oder \u00e4hnliches<\/p><br><p><strong>Mathematik<em>: <\/em><\/strong>R\u00e4tsel, 3D-Bauten<\/p><br><p><strong>Geografie: <\/strong>Geocaching, Kompass bauen<\/p><br><p><strong>Schwerpunkt: Umwelt und BNE<\/strong><\/p><br><p>In den dazwischenliegenden Wochen wird die Projektklasse Forschung durch Umwelt- und BNE-Projekte erg\u00e4nzt. So lernen die Sch\u00fcler*innen selbstst\u00e4ndige Projektarbeit und setzen sich als Klasse mit umweltrelevanten und Nachhaltigkeit betreffenden Themen auseinander.<\/p><br><img loading=\"lazy\" decoding=\"async\" width=\"150\" height=\"69\" class=\"wp-image-5687\" style=\"width: 150px;\" src=\"http:\/\/tmg.m-bildung.de\/wp-content\/uploads\/2026\/01\/Forschung-und-Umwelt-1.jpg\" alt=\"\" srcset=\"https:\/\/tmg.m-bildung.de\/wp-content\/uploads\/2026\/01\/Forschung-und-Umwelt-1.jpg 500w, https:\/\/tmg.m-bildung.de\/wp-content\/uploads\/2026\/01\/Forschung-und-Umwelt-1-300x139.jpg 300w\" sizes=\"auto, (max-width: 150px) 100vw, 150px\" \/><img loading=\"lazy\" decoding=\"async\" width=\"150\" height=\"113\" class=\"wp-image-5691\" style=\"width: 150px;\" src=\"http:\/\/tmg.m-bildung.de\/wp-content\/uploads\/2026\/01\/Forschung-und-umwelt2.jpg\" alt=\"\" srcset=\"https:\/\/tmg.m-bildung.de\/wp-content\/uploads\/2026\/01\/Forschung-und-umwelt2.jpg 768w, https:\/\/tmg.m-bildung.de\/wp-content\/uploads\/2026\/01\/Forschung-und-umwelt2-300x225.jpg 300w, https:\/\/tmg.m-bildung.de\/wp-content\/uploads\/2026\/01\/Forschung-und-umwelt2-400x300.jpg 400w\" sizes=\"auto, (max-width: 150px) 100vw, 150px\" \/><br><p>M\u00f6gliche Projektthemen aus denen durch die Klasse gemeinsame Projekte gew\u00e4hlt werden sind:<\/p><br><ul><br><li>Kreative Gestaltung der 17 SDGs (Nachhaltigkeitsziele der Vereinten Nationen)<\/li><br><li>Teilnahme an Planspielen zu fairem Handel<\/li><br><li>Organisation und Durchf\u00fchrung von Sammelaktionen zu Naturschutz, Sauberkeit und M\u00fclltrennung<\/li><br><li>Anbau von eigenem Obst und Gem\u00fcse im Schulgarten<\/li><br><li>Bau von Insektenhotels<\/li><br><li>Z\u00e4hlungen in der Flora und Fauna<\/li><br><li>Herstellung von nachhaltigen Produkten (z.B. Upcycling-Workshops)<\/li><br><\/ul><br><p>Ein Augenmerk liegt bei diesem Schwerpunkt auf den mehrere Wochen \u00fcbergreifenden Projekten, die von Teams oder auch der ganzen Klasse gemeinschaftlich durchgef\u00fchrt werden.<\/p><br><p>Die Sch\u00fcler*innen dieser Projektklasse bereichern damit die Aktivit\u00e4ten unserer Umweltschule und \u00fcbernehmen so von der 5. Klasse an Verantwortung f\u00fcr unsere Umwelt.<\/p><br><p><strong>F\u00f6rderung folgender Kompetenzen:<\/strong><\/p><br><ul><br><li>Handlungsorientiertes Lernen und Projektarbeit<\/li><br><li>Alltagskompetenz<\/li><br><li>Kreativit\u00e4t<\/li><br><li>Teamwork &amp; Gemeinschaftssinn innerhalb der Klassengemeinschaft<\/li><br><li>Umweltbewusstsein<\/li><br><\/ul><br><p>Auch hier sind entsprechende Exkursionen beispielsweise in Museen, auf Lehr-bauernh\u00f6fe und zu den M\u00fcnchner Wertstoffh\u00f6fen geplant.<\/p><br><p><strong>Kosten: <\/strong>15 \u20ac Jahresbeitrag<\/p><br><p><strong>Schwerpunkt: Gesundheit und Ern\u00e4hrung<\/strong><\/p><br><img loading=\"lazy\" decoding=\"async\" width=\"150\" height=\"113\" class=\"wp-image-5688\" style=\"width: 150px;\" src=\"http:\/\/tmg.m-bildung.de\/wp-content\/uploads\/2026\/01\/Forschung-und-Umwelt-3.jpg\" alt=\"\" srcset=\"https:\/\/tmg.m-bildung.de\/wp-content\/uploads\/2026\/01\/Forschung-und-Umwelt-3.jpg 768w, https:\/\/tmg.m-bildung.de\/wp-content\/uploads\/2026\/01\/Forschung-und-Umwelt-3-300x225.jpg 300w, https:\/\/tmg.m-bildung.de\/wp-content\/uploads\/2026\/01\/Forschung-und-Umwelt-3-400x300.jpg 400w\" sizes=\"auto, (max-width: 150px) 100vw, 150px\" \/><p> <\/p><img loading=\"lazy\" decoding=\"async\" width=\"150\" height=\"113\" class=\"wp-image-5689\" style=\"width: 150px;\" src=\"http:\/\/tmg.m-bildung.de\/wp-content\/uploads\/2026\/01\/Forschung-und-Umwelt-4.jpg\" alt=\"\" srcset=\"https:\/\/tmg.m-bildung.de\/wp-content\/uploads\/2026\/01\/Forschung-und-Umwelt-4.jpg 768w, https:\/\/tmg.m-bildung.de\/wp-content\/uploads\/2026\/01\/Forschung-und-Umwelt-4-300x225.jpg 300w, https:\/\/tmg.m-bildung.de\/wp-content\/uploads\/2026\/01\/Forschung-und-Umwelt-4-400x300.jpg 400w\" sizes=\"auto, (max-width: 150px) 100vw, 150px\" \/><br><p>Bei diesem Schwerpunkt wird die Projektklasse Forschung in den dazwischenliegenden Wochen durch theoretische und praktische Projekt-module zum Thema Gesundheit und Ern\u00e4hrung erg\u00e4nzt. Hierf\u00fcr sind zwei Lehrkr\u00e4fte verantwortlich, um eine intensive Betreuung der Kinder zu gew\u00e4hrleisten.<\/p><br><p>M\u00f6gliche Inhalte neben der regelm\u00e4\u00dfigen Vorstellung und Auswahl von Rezepten sind beispielsweise:<\/p><br><ul><br><li>Grundlagen gesunder Ern\u00e4hrung<\/li><br><li>Begriffskl\u00e4rung saisonal\/regional<\/li><br><li>Umweltbewusstsein beim Einkauf<\/li><br><li>Vermeidung von Lebensmittelverschwendung<\/li><br><li>\u00d6kologischer Fu\u00dfabdruck und M\u00fclltrennung<\/li><br><li>Rezepte aus anderen Kulturkreisen und zu Fest- und Feiertagen<\/li><br><li>Dokumentation und Gestaltung eines Klassen-Rezept-Heftes<\/li><br><\/ul><br><p>Im Praxismodul wird in der Regel einmal im Monat gemeinsam gekocht und gegessen. Dabei \u00fcbernehmen die Kinder verschiedene Rollen und Aufgaben und werden mit dem Kochwagen und den Kochwerkzeugen vertraut gemacht.<\/p><br><p>Wir lernen mit verschiedenen Lebens-mitteln umzugehen und diese mit allen Sinnen wahrzunehmen und zu genie\u00dfen. Auch das gemeinsame Absp\u00fclen und Aufr\u00e4umen im Team geh\u00f6rt dazu.<\/p><br><p><strong>F\u00f6rderung folgender Kompetenzen:<\/strong><\/p><br><ul><br><li>Handlungsorientiertes Lernen mit allen Sinnen (Ankn\u00fcpfung an Lerninhalte aus Deutsch, Mathematik, NuT und Kunst)<\/li><br><li>Alltagskompetenz<\/li><br><li>St\u00e4rkung des Lebenswelt- und Praxisbezugs<\/li><br><li>Verantwortungsbewusstsein, Teamarbeit und Gemeinschaftsgeist<\/li><br><li>Interkulturalit\u00e4t<\/li><br><li>Gesundheitsbewusstsein und Ern\u00e4hrungsbildung<\/li><br><li>Umweltbewusstsein (u.a. \u00f6kologischer Fu\u00dfabdruck, Klimaschutz, nachhaltiger Lebensmittelkonsum, Verpackungs-m\u00fcll, M\u00fclltrennung)<\/li><br><li>Genuss und \u00c4sthetik (Tischkultur)<\/li><\/ul><br><p>In diesem Zusammenhang sind auch Exkursionen angedacht, z.B. zu einem Unverpacktladen, einer B\u00e4ckerei oder einem Kartoffelacker.<\/p><br><p><strong>Kosten: <\/strong>15 \u20ac Jahresbeitrag und zus\u00e4tzlich ca. 4\u20ac pro Monat f\u00fcr die durch die Lehrkr\u00e4fte eingekauften Lebensmittel<\/p><\/p>\n","protected":false},"excerpt":{"rendered":"<p>Projektklasse: Forschung\u00a0mit Schwerpunkt Umwelt und BNE oder Gesundheit und Ern\u00e4hrung \u00a0Wenn man Erwachsene zu ihren Erinnerungen an die eigene Schulzeit befragt, so bekommt man stets freudige Er-z\u00e4hlungen, haupts\u00e4chlich \u00fcber praktisches Arbeiten. Der zu knapp bemessenen Zeit f\u00fcr Handlungsorientierung soll mit &hellip; <a href=\"https:\/\/tmg.m-bildung.de\/?page_id=1692\">Weiterlesen <span class=\"meta-nav\">&rarr;<\/span><\/a><\/p>\n","protected":false},"author":1,"featured_media":0,"parent":0,"menu_order":0,"comment_status":"closed","ping_status":"closed","template":"sidebar-page.php","meta":{"footnotes":""},"class_list":["post-1692","page","type-page","status-publish","hentry"],"_links":{"self":[{"href":"https:\/\/tmg.m-bildung.de\/index.php?rest_route=\/wp\/v2\/pages\/1692","targetHints":{"allow":["GET"]}}],"collection":[{"href":"https:\/\/tmg.m-bildung.de\/index.php?rest_route=\/wp\/v2\/pages"}],"about":[{"href":"https:\/\/tmg.m-bildung.de\/index.php?rest_route=\/wp\/v2\/types\/page"}],"author":[{"embeddable":true,"href":"https:\/\/tmg.m-bildung.de\/index.php?rest_route=\/wp\/v2\/users\/1"}],"replies":[{"embeddable":true,"href":"https:\/\/tmg.m-bildung.de\/index.php?rest_route=%2Fwp%2Fv2%2Fcomments&post=1692"}],"version-history":[{"count":2,"href":"https:\/\/tmg.m-bildung.de\/index.php?rest_route=\/wp\/v2\/pages\/1692\/revisions"}],"predecessor-version":[{"id":5692,"href":"https:\/\/tmg.m-bildung.de\/index.php?rest_route=\/wp\/v2\/pages\/1692\/revisions\/5692"}],"wp:attachment":[{"href":"https:\/\/tmg.m-bildung.de\/index.php?rest_route=%2Fwp%2Fv2%2Fmedia&parent=1692"}],"curies":[{"name":"wp","href":"https:\/\/api.w.org\/{rel}","templated":true}]}}