{"id":1048,"date":"2019-01-05T21:26:55","date_gmt":"2019-01-05T20:26:55","guid":{"rendered":"http:\/\/www.tmg-musin.de\/?page_id=1048"},"modified":"2026-01-12T10:45:33","modified_gmt":"2026-01-12T10:45:33","slug":"informationen-zum-elternportal","status":"publish","type":"page","link":"https:\/\/tmg.m-bildung.de\/?page_id=1048","title":{"rendered":"Informationen zum Elternportal"},"content":{"rendered":"\n<p><strong><a href=\"https:\/\/tmg.m-bildung.de\/?page_id=1684\">Anmeldung im Elternportal &#8211; Eine Anleitung<\/a><\/strong><\/p>\n\n\n\n<p>Dokumente zum Download:<\/p>\n\n\n\n<ul class=\"wp-block-list\">\n<li><a href=\"https:\/\/tmg.m-bildung.de\/wp-content\/uploads\/2019\/01\/datenschutz__Infoportal_information_eltern.pdf\">Datenschutzerkl\u00e4rung<\/a><\/li>\n\n\n\n<li><a href=\"https:\/\/tmg.m-bildung.de\/wp-content\/uploads\/2019\/01\/Einwilligung_Datenverarbeitung_Infoportal_volljaehrige_Schueler.pdf\">Einwilligung in die Datenverarbeitung f\u00fcr vollj\u00e4hrige Sch\u00fcler<\/a><\/li>\n\n\n\n<li><a href=\"https:\/\/tmg.m-bildung.de\/wp-content\/uploads\/2019\/01\/Einwilligung_Datenverarbeitung_Infoportal_Schueler_ab_14.pdf\">Einwilligung in die Datenverarbeitung f\u00fcr Sch\u00fcler ab 14 Jahren<\/a><\/li>\n\n\n\n<li><a href=\"https:\/\/tmg.m-bildung.de\/wp-content\/uploads\/2019\/01\/Einwilligung_Datenverarbeitung_Infoportal_Eltern.pdf\">Einwilligung in die Datenverarbeitung f\u00fcr Eltern<\/a><\/li>\n<\/ul>\n","protected":false},"excerpt":{"rendered":"<p>Anmeldung im Elternportal &#8211; Eine Anleitung Dokumente zum Download:<\/p>\n","protected":false},"author":1,"featured_media":0,"parent":0,"menu_order":0,"comment_status":"closed","ping_status":"closed","template":"sidebar-page.php","meta":{"footnotes":""},"class_list":["post-1048","page","type-page","status-publish","hentry"],"_links":{"self":[{"href":"https:\/\/tmg.m-bildung.de\/index.php?rest_route=\/wp\/v2\/pages\/1048","targetHints":{"allow":["GET"]}}],"collection":[{"href":"https:\/\/tmg.m-bildung.de\/index.php?rest_route=\/wp\/v2\/pages"}],"about":[{"href":"https:\/\/tmg.m-bildung.de\/index.php?rest_route=\/wp\/v2\/types\/page"}],"author":[{"embeddable":true,"href":"https:\/\/tmg.m-bildung.de\/index.php?rest_route=\/wp\/v2\/users\/1"}],"replies":[{"embeddable":true,"href":"https:\/\/tmg.m-bildung.de\/index.php?rest_route=%2Fwp%2Fv2%2Fcomments&post=1048"}],"version-history":[{"count":1,"href":"https:\/\/tmg.m-bildung.de\/index.php?rest_route=\/wp\/v2\/pages\/1048\/revisions"}],"predecessor-version":[{"id":5543,"href":"https:\/\/tmg.m-bildung.de\/index.php?rest_route=\/wp\/v2\/pages\/1048\/revisions\/5543"}],"wp:attachment":[{"href":"https:\/\/tmg.m-bildung.de\/index.php?rest_route=%2Fwp%2Fv2%2Fmedia&parent=1048"}],"curies":[{"name":"wp","href":"https:\/\/api.w.org\/{rel}","templated":true}]}}