{"id":1045,"date":"2019-01-05T21:22:10","date_gmt":"2019-01-05T20:22:10","guid":{"rendered":"http:\/\/www.tmg-musin.de\/?page_id=1045"},"modified":"2019-01-05T21:22:10","modified_gmt":"2019-01-05T20:22:10","slug":"praktikum","status":"publish","type":"page","link":"https:\/\/tmg.m-bildung.de\/?page_id=1045","title":{"rendered":"Bewerbung f\u00fcr ein Praktikum am TMG"},"content":{"rendered":"\n<p>Wir freuen uns, dass Sie sich f\u00fcr unsere Schule interessieren und ein Praktikum bei uns absolvieren m\u00f6chten. Da wir zahlreiche Bewerbungen bekommen, aber nur begrenzte Pl\u00e4tze anbieten k\u00f6nnen, m\u00f6chten wir Ihnen ein paar Voraussetzungen daf\u00fcr mitteilen.<\/p>\n<p>Aus organisatorischen Gr\u00fcnden werden die Praktikumswochen einheitlich vergeben. Im Schuljahr 2024\/25 ber\u00fccksichtigen wir im 1. Schulhalbjahr Bewerbungen, die bis Ende des letzten Schuljahres eingegangen sind. F\u00fcr das 2. Schulhalbjahr richten Sie Ihre Bewerbung bitte bis 31.01.2025 an folgende Anschrift: <a href=\"mailto:thomas-mann-gymnasium@muenchen.de\">thomas-mann-gymnasium@muenchen.de<\/a>.<\/p>\n<p>Reichen Sie bitte einen tabellarischen Lebenslauf, ein kurzes Motivationsschreiben mit der Angabe Ihrer F\u00e4cher sowie Art und Umfang Ihres Praktikums ein.<\/p>\n<p>Folgende Praktika sind an unserer Schule m\u00f6glich:<\/p>\n<ul>\n<li><strong>Orientierungspraktikum<\/strong> (Ansprechpartnerin: B. Viertlb\u00f6ck)<\/li>\n<li><strong>P\u00e4dagogisch-didaktisches Praktikum<\/strong> (Ansprechpartnerin: B. Viertlb\u00f6ck)<\/li>\n<li><strong>Intensivpraktikum des Lehrstuhls f\u00fcr Allgemeine P\u00e4dagogik und Psychologie der LMU <\/strong><\/li>\n<\/ul>\n<p><a href=\"https:\/\/www.praktikumsamt.mzl.uni-muenchen.de\/projekte\/intensivpraktikum-gy-rs.html\">https:\/\/www.praktikumsamt.mzl.uni-muenchen.de\/projekte\/intensivpraktikum-gy-rs.html<\/a><\/p>\n<p>Wir bieten Ihnen eine engmaschige Betreuung mit w\u00f6chentlicher Sprechstunde und erwarten von Ihnen die Bereitschaft, das Praktikum aktiv zu nutzen.<\/p>\n","protected":false},"excerpt":{"rendered":"<p>Wir freuen uns, dass Sie sich f\u00fcr unsere Schule interessieren und ein Praktikum bei uns absolvieren m\u00f6chten. Da wir zahlreiche Bewerbungen bekommen, aber nur begrenzte Pl\u00e4tze anbieten k\u00f6nnen, m\u00f6chten wir Ihnen ein paar Voraussetzungen daf\u00fcr mitteilen. Aus organisatorischen Gr\u00fcnden werden &hellip; <a href=\"https:\/\/tmg.m-bildung.de\/?page_id=1045\">Weiterlesen <span class=\"meta-nav\">&rarr;<\/span><\/a><\/p>\n","protected":false},"author":1,"featured_media":0,"parent":0,"menu_order":0,"comment_status":"closed","ping_status":"closed","template":"sidebar-page.php","meta":{"footnotes":""},"class_list":["post-1045","page","type-page","status-publish","hentry"],"_links":{"self":[{"href":"https:\/\/tmg.m-bildung.de\/index.php?rest_route=\/wp\/v2\/pages\/1045","targetHints":{"allow":["GET"]}}],"collection":[{"href":"https:\/\/tmg.m-bildung.de\/index.php?rest_route=\/wp\/v2\/pages"}],"about":[{"href":"https:\/\/tmg.m-bildung.de\/index.php?rest_route=\/wp\/v2\/types\/page"}],"author":[{"embeddable":true,"href":"https:\/\/tmg.m-bildung.de\/index.php?rest_route=\/wp\/v2\/users\/1"}],"replies":[{"embeddable":true,"href":"https:\/\/tmg.m-bildung.de\/index.php?rest_route=%2Fwp%2Fv2%2Fcomments&post=1045"}],"version-history":[{"count":0,"href":"https:\/\/tmg.m-bildung.de\/index.php?rest_route=\/wp\/v2\/pages\/1045\/revisions"}],"wp:attachment":[{"href":"https:\/\/tmg.m-bildung.de\/index.php?rest_route=%2Fwp%2Fv2%2Fmedia&parent=1045"}],"curies":[{"name":"wp","href":"https:\/\/api.w.org\/{rel}","templated":true}]}}